{"id":1092,"date":"2022-05-16T12:27:30","date_gmt":"2022-05-16T12:27:30","guid":{"rendered":"https:\/\/www.augustow-canal.info\/?page_id=1092"},"modified":"2022-05-16T18:14:05","modified_gmt":"2022-05-16T18:14:05","slug":"gastronomia-eng","status":"publish","type":"page","link":"https:\/\/www.augustow-canal.info\/?page_id=1092&lang=en","title":{"rendered":"GASTRONOMY"},"content":{"rendered":"<div class=\"gb-container gb-container-09ffcc9c\"><div class=\"gb-inside-container\">\n\n<h1 class=\"gb-headline gb-headline-8552c530 gb-headline-text\">GASTRONOMY<\/h1>\n\n\n\n<hr class=\"wp-block-separator has-text-color has-background is-style-wide\" style=\"background-color:#b29210;color:#b29210\"\/>\n\n\n\n<figure class=\"wp-block-image alignwide size-large\"><img loading=\"lazy\" decoding=\"async\" width=\"1280\" height=\"721\" src=\"https:\/\/www.augustow-canal.info\/wp-content\/uploads\/2022\/05\/dumplings-gbb8ad2efb_1280-edited.jpg\" alt=\"\" class=\"wp-image-852\" srcset=\"https:\/\/www.augustow-canal.info\/wp-content\/uploads\/2022\/05\/dumplings-gbb8ad2efb_1280-edited.jpg 1280w, https:\/\/www.augustow-canal.info\/wp-content\/uploads\/2022\/05\/dumplings-gbb8ad2efb_1280-edited-300x169.jpg 300w, https:\/\/www.augustow-canal.info\/wp-content\/uploads\/2022\/05\/dumplings-gbb8ad2efb_1280-edited-1024x577.jpg 1024w, https:\/\/www.augustow-canal.info\/wp-content\/uploads\/2022\/05\/dumplings-gbb8ad2efb_1280-edited-768x433.jpg 768w\" sizes=\"auto, (max-width: 1280px) 100vw, 1280px\" \/><\/figure>\n\n<\/div><\/div>\n\n\n<div class=\"wp-block-group\"><div class=\"wp-block-group__inner-container is-layout-flow wp-block-group-is-layout-flow\">\n<h1 class=\"has-text-align-center wp-block-heading\"><strong>Catering facilities on the Belarusian side<\/strong><\/h1>\n\n\n<div class=\"gb-container gb-container-8728b129\"><div class=\"gb-inside-container\">\n<div class=\"gb-grid-wrapper gb-grid-wrapper-21a776cf\">\n<div class=\"gb-grid-column gb-grid-column-c434b6d5\"><div class=\"gb-container gb-container-c434b6d5\"><div class=\"gb-inside-container\">\n\n<h2 class=\"gb-headline gb-headline-96d5718c gb-headline-text\">RESTAURANTS<\/h2>\n\n<\/div><\/div><\/div>\n\n<div class=\"gb-grid-column gb-grid-column-b0c26abf\"><div class=\"gb-container gb-container-b0c26abf\"><div class=\"gb-inside-container\">\n\n<h2 class=\"has-text-align-center wp-block-heading\">BARS<\/h2>\n\n<\/div><\/div><\/div>\n<\/div>\n<\/div><\/div>\n\n<div class=\"gb-container gb-container-7e717a2e\"><div class=\"gb-inside-container\">\n<div class=\"gb-grid-wrapper gb-grid-wrapper-a6a41c02\">\n<div class=\"gb-grid-column gb-grid-column-5f8f8480\"><div class=\"gb-container gb-container-5f8f8480\"><div class=\"gb-inside-container\">\n\n<ul class=\"wp-block-list\"><li>Restaurant &#8222;Kronon&#8221;<\/li><li>Restaurant &#8222;Dom&#8221;<\/li><li>Restaurant &#8222;Kr\u00f3lewskaya ohota&#8221;<\/li><li>Restaurant \u00abGalactica\u00bb<\/li><li>Restaurant \u00ab\u041d2\u041e\u00bb<\/li><li>Restaurant \u00abRaduga\u00bb<\/li><li>Restaurant &#8222;Barashka&#8221;<\/li><li>Restaurant \u00abSemafor\u00bb<\/li><li>Restaurant &#8222;Turan&#8221;<\/li><li>Restaurant \u00abSiemaszko\u00bb<\/li><li>Classic Restaurant &#8222;Neman&#8221;<\/li><li>Restaurant &#8222;Old City&#8221;:<\/li><li>Restaurant Bistro &#8222;Grand Buffet&#8221;<\/li><li>Restaurant &#8222;Starii Lyamus&#8221;<\/li><li>Beer Restaurant &#8222;Neman&#8221;<\/li><li>Restaurant &#8222;Turist&#8221;<\/li><li>Restaurant of fast service &#8222;Pit STOP&#8221;<\/li><li>Restaurant &#8222;Bakst&#8221;<\/li><li>Pizzeria &#8222;Forno&#8221;<\/li><li>Pizza Smile<\/li><li>Pizzeria &#8222;Basta Pasta&#8221;<\/li><\/ul>\n\n<\/div><\/div><\/div>\n\n<div class=\"gb-grid-column gb-grid-column-4598a7e1\"><div class=\"gb-container gb-container-4598a7e1\"><div class=\"gb-inside-container\">\n\n<ul class=\"wp-block-list\"><li>Bar &#8222;MakaRonin&#8221;<\/li><li>Big Jones Bar<\/li><li>Bar &#8222;BEERloga&#8221;<\/li><li>Grill bar &#8222;Hanni Kabani&#8221;<\/li><li>Bar &#8222;Mint Louge&#8221;<\/li><li>Bar &#8222;Pelican&#8221;<\/li><li>Bar of the night club &#8222;Baza&#8221;<\/li><li>Bar \u201cTraktir Podkova\u201d<\/li><li>RESTOBAR &#8222;ROSEMARY&#8221;<\/li><li>Bar &#8222;Bardak&#8221;<\/li><li>Bar &#8222;COOLBAR&#8221;<\/li><li>Bar &#8222;Karchma&#8221;<\/li><li>Bar &#8222;Karchma at the pier&#8221;<\/li><li>Bar &#8222;Magnolia&#8221;<\/li><li>Bar &#8222;Retro Pizza&#8221;<\/li><li>Bowling Club \u201cMETRO\u201d<\/li><li>Bar &#8222;Corsair&#8221;<\/li><li>Gastrobar Houdini<\/li><li>State Institution &#8222;Grodno Ice Hockey Center of the Olympic Reserve&#8221;<\/li><li>Cafe-club Chempi<\/li><li>Karaoke bar &#8222;FanEra&#8221;<\/li><li>Gastrobar &#8222;Verden&#8221;<\/li><li>Bar &#8222;Freedom&#8221;<\/li><li>Pizza and Coffee Bar<\/li><li>Bar &#8222;Go-Go Pizza&#8221;<\/li><li>Cafe &#8222;Golden Calf&#8221;<\/li><\/ul>\n\n<\/div><\/div><\/div>\n<\/div>\n<\/div><\/div><\/div><\/div>\n\n\n\n<div class=\"wp-block-group\"><div class=\"wp-block-group__inner-container is-layout-flow wp-block-group-is-layout-flow\">\n<h1 class=\"has-text-align-center wp-block-heading\"><strong>Catering facilities on the Polish side<\/strong><\/h1>\n\n\n<div class=\"gb-container gb-container-e6c0ab87\"><div class=\"gb-inside-container\">\n<div class=\"gb-grid-wrapper gb-grid-wrapper-b4f895da\">\n<div class=\"gb-grid-column gb-grid-column-d1c82df2\"><div class=\"gb-container gb-container-d1c82df2\"><div class=\"gb-inside-container\">\n\n<h2 class=\"gb-headline gb-headline-a3f1cabe gb-headline-text\">RESTAURANTS<\/h2>\n\n<\/div><\/div><\/div>\n\n<div class=\"gb-grid-column gb-grid-column-10a27905\"><div class=\"gb-container gb-container-10a27905\"><div class=\"gb-inside-container\">\n\n<h2 class=\"has-text-align-center wp-block-heading\">BARS<\/h2>\n\n<\/div><\/div><\/div>\n<\/div>\n<\/div><\/div>\n\n<div class=\"gb-container gb-container-0fdefcac\"><div class=\"gb-inside-container\">\n<div class=\"gb-grid-wrapper gb-grid-wrapper-52d09373\">\n<div class=\"gb-grid-column gb-grid-column-c8f7b1d5\"><div class=\"gb-container gb-container-c8f7b1d5\"><div class=\"gb-inside-container\">\n\n<p>Falkowski Palace on the Water<br>Amber Bay Conference Restaurant &amp; August\u00f3w Aquapark<br>Per\u0142a Restaurant<br>Pinarbo Restaurant at the Hotel Warszawa SPA &amp; Resort<br>KORONA Restaurant &amp; Pub<br>Maska Restaurant &amp; Pub<br>Albatros Restaurant<br>ATVA restaurant<br>Bulwarowa Restaurant<br>Restaurant<br>Restaurant of the Hotel *** Wojciech in August\u00f3w<br>Krechowiak Restaurant in August\u00f3w Hostel<br>LOGOS restaurant<br>Garden restaurant under apple trees<br>R\u00f3\u017ca Wiatr\u00f3w restaurant<br>Drawer Cafe &amp; Bar<br>Ta Beata Restaurant<br>Fish tavern<br>BPIS Hotel and Gastronomy Services<br>\u017bagielek restaurant<br>HETMAN Tourist Inn<\/p>\n\n<\/div><\/div><\/div>\n\n<div class=\"gb-grid-column gb-grid-column-f61fb073\"><div class=\"gb-container gb-container-f61fb073\"><div class=\"gb-inside-container\">\n\n<ul class=\"wp-block-list\"><li>Bartek bar<\/li><li>Iskra cinema bar<\/li><li>Bar Przy Kominku<\/li><li>Puff Bar<\/li><li>The Balkan Cauldron<\/li><li>Cactus<\/li><li>Cafe &#8211; Polikarp Augustyniak Confectionery<\/li><li>Bowling alley Garage<\/li><li>Park Pub<\/li><li>Abro Bar in Szczebra<\/li><li>Augustowia Restaurant in Przewi\u0119\u017a<\/li><li>Alibi Bar in Lipsk<\/li><li>Borderland House in Przewi\u0119\u017a<\/li><li>Watershed in P\u0142aska<\/li><li>Borderland House in Przewi\u0119\u017a<\/li><li>Staro\u017cyn Inn<\/li><li>Gastronomy Services, Organization of Events in P\u0142aska<\/li><li>Bar &#8222;Pod S\u0142owikiem&#8221; in Rudawka<\/li><li>&#8222;U Mama&#8221; Gastronomic Bar in Mikasz\u00f3wka<\/li><li>&#8222;KRASNAL&#8221; bar &#8211; Serwy<\/li><li>Gastronomic Bar &#8222;Zajazd u Lecha&#8221; in Sucha Rzeczka<\/li><li>Cafeteria Posztwka in P\u0142aska<\/li><li>&#8222;Wodnik&#8221; bar in P\u0142aska<\/li><li>Gastronomic Bar in Mo\u0142owistem<\/li><li>Gastronomy Kiosk in P\u0142aska<\/li><\/ul>\n\n<\/div><\/div><\/div>\n<\/div>\n<\/div><\/div><\/div><\/div>\n","protected":false},"excerpt":{"rendered":"<p>GASTRONOMY Catering facilities on the Belarusian side Catering facilities on the Polish side<\/p>\n","protected":false},"author":2,"featured_media":0,"parent":0,"menu_order":0,"comment_status":"closed","ping_status":"closed","template":"","meta":{"footnotes":""},"class_list":["post-1092","page","type-page","status-publish"],"_links":{"self":[{"href":"https:\/\/www.augustow-canal.info\/index.php?rest_route=\/wp\/v2\/pages\/1092","targetHints":{"allow":["GET"]}}],"collection":[{"href":"https:\/\/www.augustow-canal.info\/index.php?rest_route=\/wp\/v2\/pages"}],"about":[{"href":"https:\/\/www.augustow-canal.info\/index.php?rest_route=\/wp\/v2\/types\/page"}],"author":[{"embeddable":true,"href":"https:\/\/www.augustow-canal.info\/index.php?rest_route=\/wp\/v2\/users\/2"}],"replies":[{"embeddable":true,"href":"https:\/\/www.augustow-canal.info\/index.php?rest_route=%2Fwp%2Fv2%2Fcomments&post=1092"}],"version-history":[{"count":3,"href":"https:\/\/www.augustow-canal.info\/index.php?rest_route=\/wp\/v2\/pages\/1092\/revisions"}],"predecessor-version":[{"id":1220,"href":"https:\/\/www.augustow-canal.info\/index.php?rest_route=\/wp\/v2\/pages\/1092\/revisions\/1220"}],"wp:attachment":[{"href":"https:\/\/www.augustow-canal.info\/index.php?rest_route=%2Fwp%2Fv2%2Fmedia&parent=1092"}],"curies":[{"name":"wp","href":"https:\/\/api.w.org\/{rel}","templated":true}]}}