{"id":1118,"date":"2022-05-16T12:33:13","date_gmt":"2022-05-16T12:33:13","guid":{"rendered":"https:\/\/www.augustow-canal.info\/?page_id=1118"},"modified":"2022-05-16T21:39:24","modified_gmt":"2022-05-16T21:39:24","slug":"zakwaterowanie-eng","status":"publish","type":"page","link":"https:\/\/www.augustow-canal.info\/?page_id=1118&lang=en","title":{"rendered":"ACCOMMODATION"},"content":{"rendered":"<div class=\"gb-container gb-container-09ffcc9c\"><div class=\"gb-inside-container\">\n\n<h1 class=\"gb-headline gb-headline-8552c530 gb-headline-text\">ACOMODATION<\/h1>\n\n\n\n<hr class=\"wp-block-separator has-text-color has-background is-style-wide\" style=\"background-color:#b29210;color:#b29210\"\/>\n\n\n\n<figure class=\"wp-block-image alignwide size-full\"><img loading=\"lazy\" decoding=\"async\" width=\"1439\" height=\"809\" src=\"https:\/\/www.augustow-canal.info\/wp-content\/uploads\/2022\/05\/hotel-room-ga6a43840a_1920-edited-2.jpg\" alt=\"\" class=\"wp-image-849\" srcset=\"https:\/\/www.augustow-canal.info\/wp-content\/uploads\/2022\/05\/hotel-room-ga6a43840a_1920-edited-2.jpg 1439w, https:\/\/www.augustow-canal.info\/wp-content\/uploads\/2022\/05\/hotel-room-ga6a43840a_1920-edited-2-300x169.jpg 300w, https:\/\/www.augustow-canal.info\/wp-content\/uploads\/2022\/05\/hotel-room-ga6a43840a_1920-edited-2-1024x576.jpg 1024w, https:\/\/www.augustow-canal.info\/wp-content\/uploads\/2022\/05\/hotel-room-ga6a43840a_1920-edited-2-768x432.jpg 768w\" sizes=\"auto, (max-width: 1439px) 100vw, 1439px\" \/><\/figure>\n\n<\/div><\/div>\n\n\n<p><\/p>\n\n\n\n<h2 class=\"gb-headline gb-headline-7d13bfce gb-headline-text\"><strong>Accommodation facilities on the Polish side<\/strong><\/h2>\n\n\n\n<h5 class=\"gb-headline gb-headline-4693148d gb-headline-text\">HOTELS<\/h5>\n\n\n\n<p>Hotel Warszawa Spa &amp; Resort ****<br>Hotel Wojciech ***<br>ALBATROS Hotel&amp;Spa *** in Serwy<br>Hotel Nad Nett\u0105<\/p>\n\n\n\n<h5 class=\"gb-headline gb-headline-8b512e35 gb-headline-text\">HOSTELS<\/h5>\n\n\n\n<p>Hostel Przysta\u0144<br>Hostel Krechowiak<\/p>\n\n\n\n<h5 class=\"wp-block-heading\">SANATORIUMS<\/h5>\n\n\n\n<p>Health Resort Sanatorium August\u00f3w<br>Sanatorium August\u00f3w &#8222;Palace on Water&#8221; Falkowski<\/p>\n\n\n\n<h5 class=\"gb-headline gb-headline-14952f57 gb-headline-text\">OTHER<\/h5>\n\n\n\n<p>Pension &#8222;U Marianny&#8221;<br>Pension &#8222;U Marianny&#8221; BIS<br>Pension &#8222;\u017bagielek<br>Abro Inn<br>Amber Bay Conference &amp; Aquapark August\u00f3w<br>Holiday and Conference Centre AUGUSTOWIA<br>Family Cottages in Przewi\u0119zia<br>Training and Recreation Centre &#8222;Drogowskaz&#8221;<br>Hotel NECKO<br>Holiday resort AUGUST<br>Officers&#8217; Yacht Club RP. Poland<br>Kolonijny Centre J\u0119drek<br>Holiday Resort &#8222;Skowronek&#8221; on the lake Sajno in August\u00f3w<br>Holiday Centre Kr\u00f3lowa Woda<br>Holiday Centre Le\u015bnik 1<br>Holiday Resort Lesnik 3<br>Hotel and Catering Services BPIS<br>BINDUGA &#8211; holiday cottages<br>Holiday resort Camp Zatoka Holiday resort Marina PTTK in Augustow<\/p>\n\n\n\n<h5 class=\"gb-headline gb-headline-3c02ad68 gb-headline-text\">AGROTOURISM<\/h5>\n\n\n\n<p>Cottage SerwyAgrotourism U Sztabi\u0144skich<br>Sucha Rzeczka Apartments<br>Sirvis Apartments<br>Rooms and Cottages on Lake Serwy<br>Agritourism &#8211; Dariusz Kozielski<br>Agritourism &#8211; Zofia Ha\u0144czyc<br>Farm holidays &#8211; Miros\u0142aw Kr\u00f3l<br>Agritourism farm &#8222;Sosnowy M\u0142odnik<br>Agritourism &#8211; Danuta Sie\u0144kowska<br>Agritourism &#8211; Jadwiga Jadeszko<br>Agrotourism farm &#8211; Wierzbicki Mariusz with his parents<br>Agritourism farm &#8211; Jaros\u0142aw Kisz\u0142o<br>Rooms by the Lake &#8222;Serwy&#8221;<br>Farm holidays &#8211; Aneta Abrycka<br>Starost\u00f3wka<br>Gospodarstwo Go\u015bcinne &#8222;Arizona&#8221;<br>Agritourism U Myszczy\u0144skich<br>U T-olka Agrotourism<br>Agrotourism farm &#8211; Jadwiga Ku\u017ama<br>Agrotourism farm &#8211; Alicja Sztukowska<br>Farm tourism &#8211; Iwona Karpi\u0144ska<br>Cottage &#8222;U Wiesi&#8221; &#8211; summer cottage<br>Farm holidays &#8211; Hanna Puczy\u0142owska<br>Lodge &#8222;Pod Lasem<br>Farm holidays &#8211; Danuta I Romuald Jadeszko<br>Farm holidays &#8211; Wiszniewska Alina<br>Farm holidays &#8211; Danuta Krauze<br>Agritourism farm &#8211; Ci\u0119\u017ckowska Ma\u0142gorzata<br>Water Stop &#8211; Ja\u0142owy R\u00f3g<br>Robert Dzieniszewski &#8211; \u017barnowo Drugie No. 38,<br>Barbara I Marek Jasionek &#8211; Jeziorki Nr 13a,<br>Danuta I Andrzej Kulbacki &#8211; Topi\u0142\u00f3wka 89<br>Monwid Antoni &#8211; Mazurki No 17,<br>Ewa Margiewicz &#8211; Bia\u0142obrzegi 61<br>Marzena I Jacek Olszewski &#8211; Topi\u0142\u00f3wka No. 58,<br>Prawdzik Grzegorz &#8211; Biernatki No 4,.<br>Prawdzik Bogumi\u0142a I Wies\u0142aw &#8211; \u017barnowo I Nr 43,<br>Siemiaszko Jerzy &#8211; Bia\u0142obrzegi &#8211; &#8222;Stary M\u0142yn&#8221; Inn,<br>Trocki Witold &#8211; Biernatki No. 7,<br>Wasilewski Waldemar &#8211; \u017barnowo I ,<br>Agnieszka Winkler &#8211; \u017barnowo I Nr 36,<br>Zawadzka Jadwiga &#8211; Rutki Nowe No. 80,<br><\/p>\n\n\n\n<h2 class=\"gb-headline gb-headline-0ddcf0ce gb-headline-text\"><strong>Accommodation facilities on the Belarusian side<\/strong><\/h2>\n\n\n\n<h5 class=\"gb-headline gb-headline-cfdbc058 gb-headline-text\">HOTELS<\/h5>\n\n\n\n<p>Hotel &#8222;Bruzgi&#8221;<br>Prival Hotel<br>Aparthotel &#8222;Slavia&#8221;<br>Hotel &#8222;Belarus&#8221;<br>Hotel &#8222;Drive Hotel&#8221;<br>Restaurant and hotel complex &#8222;Neman&#8221;<br>Omega Hotel<br>Restaurant and hotel complex &#8222;Semashko&#8221;<br>Hotel complex &#8222;Slavia&#8221;<br>Sport Hotel<br>Hotel complex &#8222;Grodnotourist&#8221;<br>Cronon Park Hotel\u00bb<br>LUXURY APARTMENTS &#8222;EuroCOMFORT&#8221;<br>Art Apart-Hotel U Grushi<\/p>\n\n\n\n<h5 class=\"wp-block-heading\">HOSTELS<\/h5>\n\n\n\n<p>Hostel &#8222;Kip Town&#8221;<br>Hostel Center<br>Hostel &#8222;Old Bridge&#8221;<br>Hostel &#8222;Sarmatia&#8221;<br>Hostel OUP &#8222;Grodnomeliovodkhoz&#8221;<\/p>\n\n\n\n<h5 class=\"wp-block-heading\">SANATORIUMS<\/h5>\n\n\n\n<p>Sanatorium &#8222;Neman-72&#8221;<br>Sanatorium &#8222;Pearl&#8221;<br>JSC &#8222;Sanatorium &#8222;Ozerny&#8221;<br>Sanatorium &#8222;Porechye&#8221;<br>Sports and fitness center &#8222;Svitanok&#8221;<\/p>\n\n\n\n<h5 class=\"gb-headline gb-headline-75fe9a86 gb-headline-text\">OTHER<\/h5>\n\n\n\n<p>Hunter&#8217;s house<br>Recreation center &#8222;Prigodici&#8221;<br>Rest rooms<br>Tourist base of the Regional Center for Tourism and Local History<\/p>\n\n\n\n<h5 class=\"gb-headline gb-headline-4e2f84e2 gb-headline-text\">AGROTOURISM<\/h5>\n\n\n\n<p>&#8222;August Hastings&#8221;<br>&#8222;Augustowski gastinets&#8221;<br>Agro-tourist complex &#8222;Garadzenski Ma\u0105tak &#8222;Karobczy&#8221;<br>Agricultural farm Nemnovo vlg., 2<br>Farmhouse Labno-Ogorodniki v. 38a<br>FARM Usovo vlg., 1a<br>Chertok manor vlg., 1<br>Tartak manor vlg.,8<br>Farmstead &#8222;U Ivanic&#8221;<br>&#8222;Aneta<br>Banya v. Korobchitsy, 9 Torzhestvennaya st.<br>&#8222;Banya at Shrek&#8217;s<br>&#8222;In the bushes<br>Guesthouse 7&#8243;<br>Hotel in Sonichi<br>&#8222;Home Hearth&#8221;<br>Hunter&#8217;s cottage in the village of Kadysh<br>&#8222;Karalinskiy Falvarak Tyzenhauz&#8221;<br>&#8222;Klimsverik&#8221;<br>&#8222;Lesnichuvka&#8221;<br>&#8222;Moose Island&#8221;<br>&#8222;La Svyatska&#8221;<br>&#8222;On the August\u00f3w Canal&#8221;<br>&#8222;On the Black Hanche&#8221;<br>The Farmstead &#8222;Pansk\u00fd Dv\u016fr&#8221;<br>&#8222;Flame&#8221;<br>&#8222;Primus<br>&#8222;Slavichy<br>&#8222;Sosnovaya glade&#8221;<br>&#8222;Solnechnaya&#8221;<br>&#8222;Sonichi&#8221;<br>Strubka&#8221;<br>&#8222;Tartak&#8221;<br>Tarusichi&#8221;<br>&#8222;S\u0105dzyba karol Stach&#8221;<br>&#8222;Trychowskiy Maunta<br>TrichLandy&#8221;<br>&#8222;At Petrovich&#8217;s&#8221;<br>&#8222;At Jury&#8217;s&#8221;<br>&#8222;Hut at Stach&#8217;s&#8221;<br>&#8222;Bread &amp; Salt<br>&#8222;Black Stones&#8221;<br>&#8222;Generous Host&#8221;<br>Korobchitsy farmstead. Vechernya ul. 11<br>The agro-farm in Korobchitsy, 33 Torzhestvennaya str.<br>&#8222;Radziwilki&#8221;.<\/p>\n","protected":false},"excerpt":{"rendered":"<p>ACOMODATION Accommodation facilities on the Polish side HOTELS Hotel Warszawa Spa &amp; Resort ****Hotel Wojciech ***ALBATROS Hotel&amp;Spa *** in SerwyHotel Nad Nett\u0105 HOSTELS Hostel Przysta\u0144Hostel Krechowiak SANATORIUMS Health Resort Sanatorium August\u00f3wSanatorium August\u00f3w &#8222;Palace on Water&#8221; Falkowski OTHER Pension &#8222;U Marianny&#8221;Pension &#8222;U Marianny&#8221; BISPension &#8222;\u017bagielekAbro InnAmber Bay Conference &amp; Aquapark August\u00f3wHoliday and Conference Centre AUGUSTOWIAFamily Cottages &#8230; <a title=\"ACCOMMODATION\" class=\"read-more\" href=\"https:\/\/www.augustow-canal.info\/?page_id=1118&#038;lang=en\" aria-label=\"Dowiedz si\u0119 wi\u0119cej o ACCOMMODATION\">Dowiedz si\u0119 wi\u0119cej<\/a><\/p>\n","protected":false},"author":2,"featured_media":0,"parent":0,"menu_order":0,"comment_status":"closed","ping_status":"closed","template":"","meta":{"footnotes":""},"class_list":["post-1118","page","type-page","status-publish"],"_links":{"self":[{"href":"https:\/\/www.augustow-canal.info\/index.php?rest_route=\/wp\/v2\/pages\/1118","targetHints":{"allow":["GET"]}}],"collection":[{"href":"https:\/\/www.augustow-canal.info\/index.php?rest_route=\/wp\/v2\/pages"}],"about":[{"href":"https:\/\/www.augustow-canal.info\/index.php?rest_route=\/wp\/v2\/types\/page"}],"author":[{"embeddable":true,"href":"https:\/\/www.augustow-canal.info\/index.php?rest_route=\/wp\/v2\/users\/2"}],"replies":[{"embeddable":true,"href":"https:\/\/www.augustow-canal.info\/index.php?rest_route=%2Fwp%2Fv2%2Fcomments&post=1118"}],"version-history":[{"count":5,"href":"https:\/\/www.augustow-canal.info\/index.php?rest_route=\/wp\/v2\/pages\/1118\/revisions"}],"predecessor-version":[{"id":1307,"href":"https:\/\/www.augustow-canal.info\/index.php?rest_route=\/wp\/v2\/pages\/1118\/revisions\/1307"}],"wp:attachment":[{"href":"https:\/\/www.augustow-canal.info\/index.php?rest_route=%2Fwp%2Fv2%2Fmedia&parent=1118"}],"curies":[{"name":"wp","href":"https:\/\/api.w.org\/{rel}","templated":true}]}}